{"id":472,"date":"2023-03-19T21:16:00","date_gmt":"2023-03-19T20:16:00","guid":{"rendered":"https:\/\/sportnazvezaidrija.si\/?page_id=472"},"modified":"2026-01-16T08:53:10","modified_gmt":"2026-01-16T07:53:10","slug":"sportnik-leta","status":"publish","type":"page","link":"https:\/\/sportnazvezaidrija.si\/?page_id=472","title":{"rendered":"\u0160PORTNIK LETA"},"content":{"rendered":"\n<hr class=\"wp-block-separator has-alpha-channel-opacity\"\/>\n\n\n\n<h2 class=\"wp-block-heading\"><strong>2026<\/strong> (za 2025)- Prireditev bo v dvorani Filmskega gledali\u0161\u010da, v petek 23. januarja ob 19h.<\/h2>\n\n\n<div class=\"wp-block-image\">\n<figure class=\"aligncenter size-large\"><img loading=\"lazy\" decoding=\"async\" width=\"1024\" height=\"576\" src=\"https:\/\/sportnazvezaidrija.si\/wp-content\/uploads\/2026\/01\/Sportnik-leta-1024x576.jpg\" alt=\"\" class=\"wp-image-555\" srcset=\"https:\/\/sportnazvezaidrija.si\/wp-content\/uploads\/2026\/01\/Sportnik-leta-1024x576.jpg 1024w, https:\/\/sportnazvezaidrija.si\/wp-content\/uploads\/2026\/01\/Sportnik-leta-300x169.jpg 300w, https:\/\/sportnazvezaidrija.si\/wp-content\/uploads\/2026\/01\/Sportnik-leta-768x432.jpg 768w, https:\/\/sportnazvezaidrija.si\/wp-content\/uploads\/2026\/01\/Sportnik-leta-1536x864.jpg 1536w, https:\/\/sportnazvezaidrija.si\/wp-content\/uploads\/2026\/01\/Sportnik-leta.jpg 1920w\" sizes=\"auto, (max-width: 1024px) 100vw, 1024px\" \/><\/figure>\n<\/div>\n\n\n<p><\/p>\n\n\n\n<hr class=\"wp-block-separator has-alpha-channel-opacity\"\/>\n\n\n\n<h2 class=\"wp-block-heading\">2023- Prireditev bo v dvorani Filmskega gledali\u0161\u010da, v \u010detrtek 25. januarja ob 19h.<\/h2>\n\n\n<div class=\"wp-block-image\">\n<figure class=\"aligncenter size-large\"><img loading=\"lazy\" decoding=\"async\" width=\"1024\" height=\"576\" src=\"https:\/\/sportnazvezaidrija.si\/wp-content\/uploads\/2024\/01\/Banner-1920x1080px-sportnik-leta-2-1024x576.jpg\" alt=\"\" class=\"wp-image-518\" srcset=\"https:\/\/sportnazvezaidrija.si\/wp-content\/uploads\/2024\/01\/Banner-1920x1080px-sportnik-leta-2-1024x576.jpg 1024w, https:\/\/sportnazvezaidrija.si\/wp-content\/uploads\/2024\/01\/Banner-1920x1080px-sportnik-leta-2-300x169.jpg 300w, https:\/\/sportnazvezaidrija.si\/wp-content\/uploads\/2024\/01\/Banner-1920x1080px-sportnik-leta-2-768x432.jpg 768w, https:\/\/sportnazvezaidrija.si\/wp-content\/uploads\/2024\/01\/Banner-1920x1080px-sportnik-leta-2-1536x864.jpg 1536w, https:\/\/sportnazvezaidrija.si\/wp-content\/uploads\/2024\/01\/Banner-1920x1080px-sportnik-leta-2.jpg 1920w\" sizes=\"auto, (max-width: 1024px) 100vw, 1024px\" \/><\/figure>\n<\/div>\n\n\n<hr class=\"wp-block-separator has-alpha-channel-opacity\"\/>\n\n\n\n<h2 class=\"wp-block-heading\">2022- stran v pripravi<\/h2>\n\n\n<div class=\"wp-block-image\">\n<figure class=\"aligncenter size-large is-resized\"><img loading=\"lazy\" decoding=\"async\" width=\"944\" height=\"1024\" src=\"https:\/\/sportnazvezaidrija.si\/wp-content\/uploads\/2023\/03\/Rok-944x1024.jpg\" alt=\"\" class=\"wp-image-474\" style=\"width:236px;height:256px\" srcset=\"https:\/\/sportnazvezaidrija.si\/wp-content\/uploads\/2023\/03\/Rok-944x1024.jpg 944w, https:\/\/sportnazvezaidrija.si\/wp-content\/uploads\/2023\/03\/Rok-276x300.jpg 276w, https:\/\/sportnazvezaidrija.si\/wp-content\/uploads\/2023\/03\/Rok-768x834.jpg 768w, https:\/\/sportnazvezaidrija.si\/wp-content\/uploads\/2023\/03\/Rok.jpg 1231w\" sizes=\"auto, (max-width: 944px) 100vw, 944px\" \/><\/figure>\n<\/div>\n\n\n<hr class=\"wp-block-separator has-alpha-channel-opacity\"\/>\n\n\n\n<h2 class=\"wp-block-heading\"><a href=\"https:\/\/sportnazvezaidrija.si\/?page_id=477\">2021<\/a><\/h2>\n\n\n<div class=\"wp-block-image\">\n<figure class=\"aligncenter size-large is-resized\"><a href=\"https:\/\/sportnazvezaidrija.si\/?page_id=477\"><img loading=\"lazy\" decoding=\"async\" width=\"1024\" height=\"968\" src=\"https:\/\/sportnazvezaidrija.si\/wp-content\/uploads\/2023\/03\/Jan-1024x968.jpg\" alt=\"\" class=\"wp-image-475\" style=\"width:256px;height:242px\" srcset=\"https:\/\/sportnazvezaidrija.si\/wp-content\/uploads\/2023\/03\/Jan-1024x968.jpg 1024w, https:\/\/sportnazvezaidrija.si\/wp-content\/uploads\/2023\/03\/Jan-300x284.jpg 300w, https:\/\/sportnazvezaidrija.si\/wp-content\/uploads\/2023\/03\/Jan-768x726.jpg 768w, https:\/\/sportnazvezaidrija.si\/wp-content\/uploads\/2023\/03\/Jan.jpg 1284w\" sizes=\"auto, (max-width: 1024px) 100vw, 1024px\" \/><\/a><\/figure>\n<\/div>","protected":false},"excerpt":{"rendered":"<p>2026 (za 2025)- Prireditev bo v dvorani Filmskega gledali\u0161\u010da, v petek 23. januarja ob 19h. 2023- Prireditev bo v dvorani Filmskega gledali\u0161\u010da, v \u010detrtek 25. januarja ob 19h. 2022- stran v pripravi 2021<\/p>\n","protected":false},"author":1,"featured_media":0,"parent":0,"menu_order":0,"comment_status":"closed","ping_status":"closed","template":"","meta":{"neve_meta_sidebar":"","neve_meta_container":"","neve_meta_enable_content_width":"","neve_meta_content_width":0,"neve_meta_title_alignment":"","neve_meta_author_avatar":"","neve_post_elements_order":"","neve_meta_disable_header":"","neve_meta_disable_footer":"","neve_meta_disable_title":"","footnotes":""},"class_list":["post-472","page","type-page","status-publish","hentry"],"_links":{"self":[{"href":"https:\/\/sportnazvezaidrija.si\/index.php?rest_route=\/wp\/v2\/pages\/472","targetHints":{"allow":["GET"]}}],"collection":[{"href":"https:\/\/sportnazvezaidrija.si\/index.php?rest_route=\/wp\/v2\/pages"}],"about":[{"href":"https:\/\/sportnazvezaidrija.si\/index.php?rest_route=\/wp\/v2\/types\/page"}],"author":[{"embeddable":true,"href":"https:\/\/sportnazvezaidrija.si\/index.php?rest_route=\/wp\/v2\/users\/1"}],"replies":[{"embeddable":true,"href":"https:\/\/sportnazvezaidrija.si\/index.php?rest_route=%2Fwp%2Fv2%2Fcomments&post=472"}],"version-history":[{"count":8,"href":"https:\/\/sportnazvezaidrija.si\/index.php?rest_route=\/wp\/v2\/pages\/472\/revisions"}],"predecessor-version":[{"id":557,"href":"https:\/\/sportnazvezaidrija.si\/index.php?rest_route=\/wp\/v2\/pages\/472\/revisions\/557"}],"wp:attachment":[{"href":"https:\/\/sportnazvezaidrija.si\/index.php?rest_route=%2Fwp%2Fv2%2Fmedia&parent=472"}],"curies":[{"name":"wp","href":"https:\/\/api.w.org\/{rel}","templated":true}]}}